{"id":478,"date":"2023-05-07T13:08:49","date_gmt":"2023-05-07T13:08:49","guid":{"rendered":"https:\/\/sarlagrimax.com\/?post_type=product&#038;p=478"},"modified":"2023-05-07T13:16:53","modified_gmt":"2023-05-07T13:16:53","slug":"humi-plus","status":"publish","type":"product","link":"https:\/\/sarlagrimax.com\/?product=humi-plus","title":{"rendered":"Humi Plus"},"content":{"rendered":"","protected":false},"excerpt":{"rendered":"<p>est un engrais organique riche<br \/>\ncompos\u00e9s d&#8217;acides humiques (acides humiques et fulviques).<br \/>\nIl contient la combinaison parfaite :<br \/>\n3% Azote 6%potasse 18% acide humique 3% acide fulvique<br \/>\nC&#8217;est l&#8217;un des meilleurs types d&#8217;acide humique car il est extrait<br \/>\nDe source Leonardite (haute qualit\u00e9 et oxyg\u00e9n\u00e9e)<\/p>\n","protected":false},"featured_media":480,"comment_status":"open","ping_status":"closed","template":"","meta":{"_mi_skip_tracking":false},"product_cat":[22,31],"product_tag":[],"aioseo_notices":[],"_links":{"self":[{"href":"https:\/\/sarlagrimax.com\/index.php?rest_route=\/wp\/v3\/product\/478"}],"collection":[{"href":"https:\/\/sarlagrimax.com\/index.php?rest_route=\/wp\/v3\/product"}],"about":[{"href":"https:\/\/sarlagrimax.com\/index.php?rest_route=\/wp\/v2\/types\/product"}],"replies":[{"embeddable":true,"href":"https:\/\/sarlagrimax.com\/index.php?rest_route=%2Fwp%2Fv2%2Fcomments&post=478"}],"wp:featuredmedia":[{"embeddable":true,"href":"https:\/\/sarlagrimax.com\/index.php?rest_route=\/wp\/v2\/media\/480"}],"wp:attachment":[{"href":"https:\/\/sarlagrimax.com\/index.php?rest_route=%2Fwp%2Fv2%2Fmedia&parent=478"}],"wp:term":[{"taxonomy":"product_cat","embeddable":true,"href":"https:\/\/sarlagrimax.com\/index.php?rest_route=%2Fwp%2Fv2%2Fproduct_cat&post=478"},{"taxonomy":"product_tag","embeddable":true,"href":"https:\/\/sarlagrimax.com\/index.php?rest_route=%2Fwp%2Fv2%2Fproduct_tag&post=478"}],"curies":[{"name":"wp","href":"https:\/\/api.w.org\/{rel}","templated":true}]}}