{"id":467,"date":"2023-05-07T12:29:34","date_gmt":"2023-05-07T12:29:34","guid":{"rendered":"https:\/\/sarlagrimax.com\/?post_type=product&#038;p=467"},"modified":"2023-05-07T12:35:13","modified_gmt":"2023-05-07T12:35:13","slug":"bio-max","status":"publish","type":"product","link":"https:\/\/sarlagrimax.com\/?product=bio-max","title":{"rendered":"Bio Max"},"content":{"rendered":"","protected":false},"excerpt":{"rendered":"<p>BIO MAX est un liquide visqueux brun fonc\u00e9 et une pr\u00e9paration naturelle contenant au total des bact\u00e9ries b\u00e9n\u00e9fiques et des compos\u00e9s organiques et il est \u00e9quip\u00e9 d&#8217;acides amin\u00e9s.<br \/>\nBIO MAX c&#8217;est av\u00e9r\u00e9 tr\u00e9s efficace dans le traiment de la salinit\u00e9 du sol parce qu&#8217;il contient une substance organique qui augmente la pression osmotique des cellules racinaires plantes avec un degr\u00e9 plus \u00e9lev\u00e9 de pression osmotique de la solution du sol dans la zone de propagation des racines de la plante expos\u00e9 \u00e0 la salinit\u00e9 ce qui conduit a l&#8217;entr\u00e9e efficace d&#8217;eau et de nutriments dans la plante et compl\u00e9te son cycle de vie avec succ\u00e9s.<\/p>\n","protected":false},"featured_media":469,"comment_status":"open","ping_status":"closed","template":"","meta":{"_mi_skip_tracking":false},"product_cat":[22,31],"product_tag":[],"aioseo_notices":[],"_links":{"self":[{"href":"https:\/\/sarlagrimax.com\/index.php?rest_route=\/wp\/v3\/product\/467"}],"collection":[{"href":"https:\/\/sarlagrimax.com\/index.php?rest_route=\/wp\/v3\/product"}],"about":[{"href":"https:\/\/sarlagrimax.com\/index.php?rest_route=\/wp\/v2\/types\/product"}],"replies":[{"embeddable":true,"href":"https:\/\/sarlagrimax.com\/index.php?rest_route=%2Fwp%2Fv2%2Fcomments&post=467"}],"wp:featuredmedia":[{"embeddable":true,"href":"https:\/\/sarlagrimax.com\/index.php?rest_route=\/wp\/v2\/media\/469"}],"wp:attachment":[{"href":"https:\/\/sarlagrimax.com\/index.php?rest_route=%2Fwp%2Fv2%2Fmedia&parent=467"}],"wp:term":[{"taxonomy":"product_cat","embeddable":true,"href":"https:\/\/sarlagrimax.com\/index.php?rest_route=%2Fwp%2Fv2%2Fproduct_cat&post=467"},{"taxonomy":"product_tag","embeddable":true,"href":"https:\/\/sarlagrimax.com\/index.php?rest_route=%2Fwp%2Fv2%2Fproduct_tag&post=467"}],"curies":[{"name":"wp","href":"https:\/\/api.w.org\/{rel}","templated":true}]}}