{"id":462,"date":"2023-05-07T12:05:28","date_gmt":"2023-05-07T12:05:28","guid":{"rendered":"https:\/\/sarlagrimax.com\/?post_type=product&#038;p=462"},"modified":"2023-05-07T12:29:29","modified_gmt":"2023-05-07T12:29:29","slug":"acide-phosphorique-85","status":"publish","type":"product","link":"https:\/\/sarlagrimax.com\/?product=acide-phosphorique-85","title":{"rendered":"Acide Phosphorique 85%"},"content":{"rendered":"<p>&nbsp;<\/p>\n<p>&nbsp;<\/p>\n","protected":false},"excerpt":{"rendered":"<p>L&#8217;acide phosphorique un liquide contenant une forte<br \/>\nconcentration de l&#8217;acide phosphorique 85%, est un<br \/>\nliquide color\u00e9 olive verte.<br \/>\nFournit \u00e0 la plante l&#8217;\u00e9l\u00e9ment phosphore n\u00e9cessaire pour<br \/>\nactiver la plante le porte-greffe dans les premiers stades<br \/>\nde la vie v\u00e9g\u00e9tale et pour conduire les plantes \u00e0 la foraison<br \/>\net augmente le nombre de feurs aux stades avanc\u00e9s.<br \/>\nIl r\u00e9duit \u00e9galement le phosphore du sol et am\u00e9liore ses<br \/>\npropri\u00e9t\u00e9s en le rendant alcalin, il est tr\u00e8s effcace pour<br \/>\nTerres alcalines et calcaires.<\/p>\n","protected":false},"featured_media":464,"comment_status":"open","ping_status":"closed","template":"","meta":{"_mi_skip_tracking":false},"product_cat":[22,31],"product_tag":[],"aioseo_notices":[],"_links":{"self":[{"href":"https:\/\/sarlagrimax.com\/index.php?rest_route=\/wp\/v3\/product\/462"}],"collection":[{"href":"https:\/\/sarlagrimax.com\/index.php?rest_route=\/wp\/v3\/product"}],"about":[{"href":"https:\/\/sarlagrimax.com\/index.php?rest_route=\/wp\/v2\/types\/product"}],"replies":[{"embeddable":true,"href":"https:\/\/sarlagrimax.com\/index.php?rest_route=%2Fwp%2Fv2%2Fcomments&post=462"}],"wp:featuredmedia":[{"embeddable":true,"href":"https:\/\/sarlagrimax.com\/index.php?rest_route=\/wp\/v2\/media\/464"}],"wp:attachment":[{"href":"https:\/\/sarlagrimax.com\/index.php?rest_route=%2Fwp%2Fv2%2Fmedia&parent=462"}],"wp:term":[{"taxonomy":"product_cat","embeddable":true,"href":"https:\/\/sarlagrimax.com\/index.php?rest_route=%2Fwp%2Fv2%2Fproduct_cat&post=462"},{"taxonomy":"product_tag","embeddable":true,"href":"https:\/\/sarlagrimax.com\/index.php?rest_route=%2Fwp%2Fv2%2Fproduct_tag&post=462"}],"curies":[{"name":"wp","href":"https:\/\/api.w.org\/{rel}","templated":true}]}}