{"id":452,"date":"2023-05-07T10:12:50","date_gmt":"2023-05-07T10:12:50","guid":{"rendered":"https:\/\/sarlagrimax.com\/?post_type=product&#038;p=452"},"modified":"2023-05-07T10:55:47","modified_gmt":"2023-05-07T10:55:47","slug":"uree-46","status":"publish","type":"product","link":"https:\/\/sarlagrimax.com\/?product=uree-46","title":{"rendered":"Ur\u00e9e 46%"},"content":{"rendered":"","protected":false},"excerpt":{"rendered":"<p>Engrais azot\u00e9 \u00e0 haute densit\u00e9 contenant 46% d&#8217;azote sous forme d&#8217;ur\u00e9e<br \/>\nIl se caract\u00e9rise par sa grande capacit\u00e9 \u00e0 se dissoudre dans l&#8217;eau et<br \/>\nle sol au contact de l&#8217;humidit\u00e9.<\/p>\n","protected":false},"featured_media":454,"comment_status":"open","ping_status":"closed","template":"","meta":{"_mi_skip_tracking":false},"product_cat":[22,25],"product_tag":[],"aioseo_notices":[],"_links":{"self":[{"href":"https:\/\/sarlagrimax.com\/index.php?rest_route=\/wp\/v3\/product\/452"}],"collection":[{"href":"https:\/\/sarlagrimax.com\/index.php?rest_route=\/wp\/v3\/product"}],"about":[{"href":"https:\/\/sarlagrimax.com\/index.php?rest_route=\/wp\/v2\/types\/product"}],"replies":[{"embeddable":true,"href":"https:\/\/sarlagrimax.com\/index.php?rest_route=%2Fwp%2Fv2%2Fcomments&post=452"}],"wp:featuredmedia":[{"embeddable":true,"href":"https:\/\/sarlagrimax.com\/index.php?rest_route=\/wp\/v2\/media\/454"}],"wp:attachment":[{"href":"https:\/\/sarlagrimax.com\/index.php?rest_route=%2Fwp%2Fv2%2Fmedia&parent=452"}],"wp:term":[{"taxonomy":"product_cat","embeddable":true,"href":"https:\/\/sarlagrimax.com\/index.php?rest_route=%2Fwp%2Fv2%2Fproduct_cat&post=452"},{"taxonomy":"product_tag","embeddable":true,"href":"https:\/\/sarlagrimax.com\/index.php?rest_route=%2Fwp%2Fv2%2Fproduct_tag&post=452"}],"curies":[{"name":"wp","href":"https:\/\/api.w.org\/{rel}","templated":true}]}}