{"id":335,"date":"2023-05-04T11:48:32","date_gmt":"2023-05-04T11:48:32","guid":{"rendered":"https:\/\/sarlagrimax.com\/?post_type=product&#038;p=335"},"modified":"2023-05-07T10:57:51","modified_gmt":"2023-05-07T10:57:51","slug":"map-12-52-0","status":"publish","type":"product","link":"https:\/\/sarlagrimax.com\/?product=map-12-52-0","title":{"rendered":"Map 12.52.0"},"content":{"rendered":"","protected":false},"excerpt":{"rendered":"<p>Engrais solide riche en phosphore, adapt\u00e9 \u00e0 toutes les cultures.<br \/>\nLe phosphate monoammonique est un engrais min\u00e9ral complexe<br \/>\nTr\u00e8s concentr\u00e9 et soluble dans l&#8217;eau. granul\u00e9s de taille \u00e9gale<br \/>\nr\u00e9parti uniform\u00e9ment le long de la surface du sol.<br \/>\nIl contient deux nutriments cl\u00e9s dans sa formulation &#8211; 12% d&#8217;azote<br \/>\net 52% de pentoxyde phosphorique soit un total de 64% de la substance active<br \/>\nce qui permet aux plantes de l&#8217;absorber facilement.<\/p>\n","protected":false},"featured_media":336,"comment_status":"open","ping_status":"closed","template":"","meta":{"_mi_skip_tracking":false},"product_cat":[22,25],"product_tag":[],"aioseo_notices":[],"_links":{"self":[{"href":"https:\/\/sarlagrimax.com\/index.php?rest_route=\/wp\/v3\/product\/335"}],"collection":[{"href":"https:\/\/sarlagrimax.com\/index.php?rest_route=\/wp\/v3\/product"}],"about":[{"href":"https:\/\/sarlagrimax.com\/index.php?rest_route=\/wp\/v2\/types\/product"}],"replies":[{"embeddable":true,"href":"https:\/\/sarlagrimax.com\/index.php?rest_route=%2Fwp%2Fv2%2Fcomments&post=335"}],"wp:featuredmedia":[{"embeddable":true,"href":"https:\/\/sarlagrimax.com\/index.php?rest_route=\/wp\/v2\/media\/336"}],"wp:attachment":[{"href":"https:\/\/sarlagrimax.com\/index.php?rest_route=%2Fwp%2Fv2%2Fmedia&parent=335"}],"wp:term":[{"taxonomy":"product_cat","embeddable":true,"href":"https:\/\/sarlagrimax.com\/index.php?rest_route=%2Fwp%2Fv2%2Fproduct_cat&post=335"},{"taxonomy":"product_tag","embeddable":true,"href":"https:\/\/sarlagrimax.com\/index.php?rest_route=%2Fwp%2Fv2%2Fproduct_tag&post=335"}],"curies":[{"name":"wp","href":"https:\/\/api.w.org\/{rel}","templated":true}]}}